{"id":7970,"date":"2025-04-18T10:02:16","date_gmt":"2025-04-18T08:02:16","guid":{"rendered":"https:\/\/chateaugioux.com\/conditions-generales-dutilisation\/"},"modified":"2025-04-18T10:06:19","modified_gmt":"2025-04-18T08:06:19","slug":"conditions-generales-dutilisation","status":"publish","type":"page","link":"https:\/\/chateaugioux.com\/fr\/conditions-generales-dutilisation\/","title":{"rendered":"Conditions g\u00e9n\u00e9rales d&rsquo;utilisation"},"content":{"rendered":"\t\t<div data-elementor-type=\"wp-page\" data-elementor-id=\"7970\" class=\"elementor elementor-7970 elementor-7961\" data-elementor-post-type=\"page\">\n\t\t\t\t<div class=\"elementor-element elementor-element-6a51471 e-flex e-con-boxed e-con e-parent\" data-id=\"6a51471\" data-element_type=\"container\" data-e-type=\"container\">\n\t\t\t\t\t<div class=\"e-con-inner\">\n\t\t\t\t<div class=\"elementor-element elementor-element-fb8528e elementor-widget elementor-widget-heading\" data-id=\"fb8528e\" data-element_type=\"widget\" data-e-type=\"widget\" data-widget_type=\"heading.default\">\n\t\t\t\t<div class=\"elementor-widget-container\">\n\t\t\t\t\t<h2 class=\"elementor-heading-title elementor-size-default\">Conditions d'utilisation - Ch\u00e2teau Gioux<\/h2>\t\t\t\t<\/div>\n\t\t\t\t<\/div>\n\t\t\t\t<div class=\"elementor-element elementor-element-8c2c309 elementor-widget elementor-widget-text-editor\" data-id=\"8c2c309\" data-element_type=\"widget\" data-e-type=\"widget\" data-widget_type=\"text-editor.default\">\n\t\t\t\t<div class=\"elementor-widget-container\">\n\t\t\t\t\t\t\t\t\t<p data-pm-slice=\"1 1 []\"><strong>1. R\u00e9servation et paiement<\/strong><\/p><ul data-spread=\"false\"><li><p>Une r\u00e9servation n&rsquo;est consid\u00e9r\u00e9e comme confirm\u00e9e qu&rsquo;apr\u00e8s r\u00e9ception du paiement int\u00e9gral du s\u00e9jour.<\/p><\/li><li><p>Le paiement doit \u00eatre effectu\u00e9 par virement bancaire sur le compte indiqu\u00e9 au moment de la confirmation de la r\u00e9servation.<\/p><\/li><li><p>Si le paiement n&rsquo;est pas re\u00e7u dans les 48 heures suivant la r\u00e9servation, celle-ci sera automatiquement annul\u00e9e.<\/p><\/li><\/ul><p><strong>2. Tarifs<\/strong><\/p><ul data-spread=\"false\"><li><p>Les tarifs indiqu\u00e9s comprennent le petit-d\u00e9jeuner et la taxe de s\u00e9jour, sauf indication contraire.<\/p><\/li><li><p>Les tarifs sont fixes et d\u00e9finitifs au moment de la confirmation de la r\u00e9servation.<\/p><\/li><\/ul><p><strong>3. Politique d&rsquo;annulation<\/strong><\/p><ul data-spread=\"false\"><li><p>L&rsquo;<strong>annulation gratuite<\/strong> est possible jusqu&rsquo;\u00e0 <strong>30 jours<\/strong> avant la date d&rsquo;arriv\u00e9e pr\u00e9vue.<\/p><\/li><li><p>En cas d&rsquo;annulation entre <strong>30 et 15 jours<\/strong> avant l&rsquo;arriv\u00e9e, <strong>50%<\/strong> du montant total sera retenu.<\/p><\/li><li><p>En cas d&rsquo;annulation <strong>moins de 15 jours<\/strong> avant l&rsquo;arriv\u00e9e ou en cas de \u00ab\u00a0no-show\u00a0\u00bb, <strong>100%<\/strong> du montant total est d\u00fb.<\/p><\/li><li><p>Nous vous recommandons vivement de souscrire votre propre assurance voyage pour couvrir les risques d&rsquo;annulation. Nous n&rsquo;acceptons aucune responsabilit\u00e9 \u00e0 cet \u00e9gard. <\/p><\/li><\/ul><p><strong>4. Modifications de la r\u00e9servation<\/strong><\/p><ul data-spread=\"false\"><li><p>Toute modification de la r\u00e9servation est soumise \u00e0 disponibilit\u00e9 et peut entra\u00eener des frais suppl\u00e9mentaires.<\/p><\/li><li><p>Les modifications ne sont valables qu&rsquo;apr\u00e8s confirmation \u00e9crite de Ch\u00e2teau Gioux.<\/p><\/li><\/ul><p><strong>5. D\u00e9part anticip\u00e9<\/strong><\/p><ul data-spread=\"false\"><li><p>En cas de d\u00e9part anticip\u00e9, aucun remboursement ne sera effectu\u00e9.<\/p><\/li><\/ul><p><strong>6. Heures d&rsquo;arriv\u00e9e et de d\u00e9part<\/strong><\/p><ul data-spread=\"false\"><li><p>Les chambres sont disponibles \u00e0 partir de <strong>16h00<\/strong> le jour de l&rsquo;arriv\u00e9e et doivent \u00eatre lib\u00e9r\u00e9es avant <strong>11h00<\/strong> le jour du d\u00e9part.<\/p><\/li><li><p>Veuillez nous informer si vous pr\u00e9voyez d&rsquo;arriver apr\u00e8s <strong>20 heures.<\/strong><\/p><\/li><\/ul><p><strong>7. Responsabilit\u00e9<\/strong><\/p><ul data-spread=\"false\"><li><p>Nous ne sommes pas responsables de la perte, du vol ou de la d\u00e9t\u00e9rioration des effets personnels se trouvant sur notre propri\u00e9t\u00e9.<\/p><\/li><li><p>Les enfants restent \u00e0 tout moment sous l&rsquo;enti\u00e8re responsabilit\u00e9 de leurs parents ou tuteurs.<\/p><\/li><\/ul><p><strong>8. Acceptation des conditions g\u00e9n\u00e9rales<\/strong><\/p><ul data-spread=\"false\"><li><p>En effectuant une r\u00e9servation, les clients acceptent pleinement ces conditions.<\/p><\/li><\/ul><p><strong>9. R\u00e9solution des litiges<\/strong><\/p><ul data-spread=\"false\"><li><p>En cas de litige, seuls les tribunaux situ\u00e9s dans la juridiction du lieu d&rsquo;h\u00e9bergement sont comp\u00e9tents, sauf disposition l\u00e9gale contraire.<\/p><\/li><li><p>Conform\u00e9ment \u00e0 l&rsquo;article L.612-1 du code de la consommation, les clients peuvent faire appel gratuitement \u00e0 un m\u00e9diateur de la consommation agr\u00e9\u00e9.<\/p><\/li><\/ul><div><hr><\/div><p>Ch\u00e2teau Gioux Gioux 5 23460 Saint-Pierre-Bellevue, France T\u00e9l : +33 9 56 19 82 66 SIRET : 930 445 242 00017<\/p>\t\t\t\t\t\t\t\t<\/div>\n\t\t\t\t<\/div>\n\t\t\t\t\t<\/div>\n\t\t\t\t<\/div>\n\t\t\t\t<\/div>\n\t\t","protected":false},"excerpt":{"rendered":"<p>Conditions d&rsquo;utilisation &#8211; Ch\u00e2teau Gioux 1. R\u00e9servation et paiement Une r\u00e9servation n&rsquo;est consid\u00e9r\u00e9e comme confirm\u00e9e qu&rsquo;apr\u00e8s r\u00e9ception du paiement int\u00e9gral du s\u00e9jour. Le paiement doit \u00eatre effectu\u00e9 par virement bancaire sur le compte indiqu\u00e9 au moment de la confirmation de la r\u00e9servation. Si le paiement n&rsquo;est pas re\u00e7u dans les 48 heures suivant la r\u00e9servation, [&hellip;]<\/p>\n","protected":false},"author":1,"featured_media":0,"parent":0,"menu_order":0,"comment_status":"closed","ping_status":"closed","template":"","meta":{"footnotes":""},"class_list":["post-7970","page","type-page","status-publish","hentry"],"blocksy_meta":[],"_links":{"self":[{"href":"https:\/\/chateaugioux.com\/fr\/wp-json\/wp\/v2\/pages\/7970","targetHints":{"allow":["GET"]}}],"collection":[{"href":"https:\/\/chateaugioux.com\/fr\/wp-json\/wp\/v2\/pages"}],"about":[{"href":"https:\/\/chateaugioux.com\/fr\/wp-json\/wp\/v2\/types\/page"}],"author":[{"embeddable":true,"href":"https:\/\/chateaugioux.com\/fr\/wp-json\/wp\/v2\/users\/1"}],"replies":[{"embeddable":true,"href":"https:\/\/chateaugioux.com\/fr\/wp-json\/wp\/v2\/comments?post=7970"}],"version-history":[{"count":1,"href":"https:\/\/chateaugioux.com\/fr\/wp-json\/wp\/v2\/pages\/7970\/revisions"}],"predecessor-version":[{"id":7972,"href":"https:\/\/chateaugioux.com\/fr\/wp-json\/wp\/v2\/pages\/7970\/revisions\/7972"}],"wp:attachment":[{"href":"https:\/\/chateaugioux.com\/fr\/wp-json\/wp\/v2\/media?parent=7970"}],"curies":[{"name":"wp","href":"https:\/\/api.w.org\/{rel}","templated":true}]}}