{"id":7466,"date":"2025-03-15T15:06:21","date_gmt":"2025-03-15T14:06:21","guid":{"rendered":"https:\/\/chateaugioux.com\/sur-les-ons\/"},"modified":"2026-02-21T10:13:32","modified_gmt":"2026-02-21T09:13:32","slug":"sur-les-ons","status":"publish","type":"page","link":"https:\/\/chateaugioux.com\/fr\/sur-les-ons\/","title":{"rendered":"\u00c0 propos de nous"},"content":{"rendered":"\t\t<div data-elementor-type=\"wp-page\" data-elementor-id=\"7466\" class=\"elementor elementor-7466 elementor-7460\" data-elementor-post-type=\"page\">\n\t\t\t\t<div class=\"elementor-element elementor-element-ae351f9 e-flex e-con-boxed e-con e-parent\" data-id=\"ae351f9\" data-element_type=\"container\" data-e-type=\"container\">\n\t\t\t\t\t<div class=\"e-con-inner\">\n\t\t\t\t<div class=\"elementor-element elementor-element-3393c96 elementor-widget elementor-widget-heading\" data-id=\"3393c96\" data-element_type=\"widget\" data-e-type=\"widget\" data-widget_type=\"heading.default\">\n\t\t\t\t<div class=\"elementor-widget-container\">\n\t\t\t\t\t<h1 class=\"elementor-heading-title elementor-size-default\">A propos de nous  <\/h1>\t\t\t\t<\/div>\n\t\t\t\t<\/div>\n\t\t\t\t<div class=\"elementor-element elementor-element-8e95fe4 elementor-widget elementor-widget-text-editor\" data-id=\"8e95fe4\" data-element_type=\"widget\" data-e-type=\"widget\" data-widget_type=\"text-editor.default\">\n\t\t\t\t<div class=\"elementor-widget-container\">\n\t\t\t\t\t\t\t\t\t<p data-start=\"0\" data-end=\"93\">En mai 2024, nous, Sabine et Steven, avons d\u00e9m\u00e9nag\u00e9 au <span class=\"hover:entity-accent entity-underline inline cursor-pointer align-baseline\"><span class=\"whitespace-normal\">Ch\u00e2teau Gioux<\/span><\/span>. Nous sommes originaires de Flandre, en Belgique, mais la France a toujours occup\u00e9 une place particuli\u00e8re dans notre c\u0153ur. Notre amour pour la campagne fran\u00e7aise s\u2019est d\u00e9velopp\u00e9 lors de nos nombreux voyages en camping avec nos trois enfants. Le Ch\u00e2teau Gioux est un ancien pavillon de chasse qui appartenait \u00e0 une famille belge aux alentours de 1900. Aujourd\u2019hui, y vivre et y accueillir des h\u00f4tes dans un environnement qui respire le calme, la nature et la chaleur humaine est un r\u00eave devenu r\u00e9alit\u00e9.<\/p>\t\t\t\t\t\t\t\t<\/div>\n\t\t\t\t<\/div>\n\t\t\t\t\t<\/div>\n\t\t\t\t<\/div>\n\t\t<div class=\"elementor-element elementor-element-50d2102 e-flex e-con-boxed e-con e-parent\" data-id=\"50d2102\" data-element_type=\"container\" data-e-type=\"container\">\n\t\t\t\t\t<div class=\"e-con-inner\">\n\t\t<div class=\"elementor-element elementor-element-c02f2ab e-con-full e-flex e-con e-child\" data-id=\"c02f2ab\" data-element_type=\"container\" data-e-type=\"container\">\n\t\t\t\t<div class=\"elementor-element elementor-element-0a47b73 elementor-widget elementor-widget-image\" data-id=\"0a47b73\" data-element_type=\"widget\" data-e-type=\"widget\" data-widget_type=\"image.default\">\n\t\t\t\t<div class=\"elementor-widget-container\">\n\t\t\t\t\t\t\t\t\t\t\t\t\t\t\t<img fetchpriority=\"high\" decoding=\"async\" width=\"683\" height=\"1024\" src=\"https:\/\/chateaugioux.com\/wp-content\/uploads\/2025\/07\/ChateauGioux-aboutus-2-683x1024.jpg\" class=\"attachment-large size-large wp-image-8572\" alt=\"\" srcset=\"https:\/\/chateaugioux.com\/wp-content\/uploads\/2025\/07\/ChateauGioux-aboutus-2-683x1024.jpg 683w, https:\/\/chateaugioux.com\/wp-content\/uploads\/2025\/07\/ChateauGioux-aboutus-2-200x300.jpg 200w, https:\/\/chateaugioux.com\/wp-content\/uploads\/2025\/07\/ChateauGioux-aboutus-2-768x1152.jpg 768w, https:\/\/chateaugioux.com\/wp-content\/uploads\/2025\/07\/ChateauGioux-aboutus-2-1024x1536.jpg 1024w, https:\/\/chateaugioux.com\/wp-content\/uploads\/2025\/07\/ChateauGioux-aboutus-2.jpg 1067w\" sizes=\"(max-width: 683px) 100vw, 683px\" \/>\t\t\t\t\t\t\t\t\t\t\t\t\t\t\t<\/div>\n\t\t\t\t<\/div>\n\t\t\t\t<div class=\"elementor-element elementor-element-e20baba elementor-widget elementor-widget-text-editor\" data-id=\"e20baba\" data-element_type=\"widget\" data-e-type=\"widget\" data-widget_type=\"text-editor.default\">\n\t\t\t\t<div class=\"elementor-widget-container\">\n\t\t\t\t\t\t\t\t\t<p><em>ValerieDeBacker<\/em><\/p>\t\t\t\t\t\t\t\t<\/div>\n\t\t\t\t<\/div>\n\t\t\t\t<\/div>\n\t\t<div class=\"elementor-element elementor-element-2d97c72 e-con-full e-flex e-con e-child\" data-id=\"2d97c72\" data-element_type=\"container\" data-e-type=\"container\">\n\t\t\t\t<div class=\"elementor-element elementor-element-de72eea elementor-widget elementor-widget-text-editor\" data-id=\"de72eea\" data-element_type=\"widget\" data-e-type=\"widget\" data-widget_type=\"text-editor.default\">\n\t\t\t\t<div class=\"elementor-widget-container\">\n\t\t\t\t\t\t\t\t\t<p data-start=\"0\" data-end=\"348\">Nous aimons tous les deux cuisiner et essayons d\u2019utiliser autant que possible des ingr\u00e9dients frais et biologiques. Steven pr\u00e9pare du pain au levain depuis des ann\u00e9es et, lorsque c\u2019est possible, nous servons notre pain fait maison \u00e0 nos h\u00f4tes. Notre grand potager nous fournit de d\u00e9licieux l\u00e9gumes et herbes cultiv\u00e9s par nos soins pour nos repas.<\/p><p data-start=\"350\" data-end=\"593\">Sabine a tenu pendant de nombreuses ann\u00e9es une boutique de th\u00e9 en Belgique et s\u2019est \u00e9galement form\u00e9e \u00e0 la connaissance des plantes. Elle a un go\u00fbt particulier pour les herbes, les fleurs et tout ce qui contribue \u00e0 cr\u00e9er une belle atmosph\u00e8re.<\/p><p data-start=\"595\" data-end=\"878\">Nous accueillons nos h\u00f4tes dans trois chambres pleines de charme. Steven est responsable des r\u00e9novations ; en tant qu\u2019\u00e9b\u00e9niste, il accorde une grande importance au travail artisanal et \u00e0 la restauration. Sabine s\u2019occupe avec soin de la d\u00e9coration des chambres ainsi que du ch\u00e2teau.<\/p><p data-start=\"880\" data-end=\"1019\">Nos chambres portent les pr\u00e9noms de nos enfants : la Chambre Th\u00e9r\u00e8se (Trees), la Chambre Antoinette (Nette) et la Chambre Polydore (Pol).<\/p><p data-start=\"1021\" data-end=\"1115\" data-is-last-node=\"\" data-is-only-node=\"\">Nous vous souhaitons la bienvenue au <span class=\"hover:entity-accent entity-underline inline cursor-pointer align-baseline\"><span class=\"whitespace-normal\">Ch\u00e2teau Gioux<\/span><\/span> !<br data-start=\"1097\" data-end=\"1100\" \/>Sabine &amp; Steven<\/p>\t\t\t\t\t\t\t\t<\/div>\n\t\t\t\t<\/div>\n\t\t\t\t<\/div>\n\t\t\t\t\t<\/div>\n\t\t\t\t<\/div>\n\t\t\t\t<\/div>\n\t\t","protected":false},"excerpt":{"rendered":"<p>A propos de nous En mai 2024, nous, Sabine et Steven, avons d\u00e9m\u00e9nag\u00e9 au Ch\u00e2teau Gioux. Nous sommes originaires de Flandre, en Belgique, mais la France a toujours occup\u00e9 une place particuli\u00e8re dans notre c\u0153ur. Notre amour pour la campagne fran\u00e7aise s\u2019est d\u00e9velopp\u00e9 lors de nos nombreux voyages en camping avec nos trois enfants. Le [&hellip;]<\/p>\n","protected":false},"author":1,"featured_media":0,"parent":0,"menu_order":0,"comment_status":"closed","ping_status":"closed","template":"","meta":{"footnotes":""},"class_list":["post-7466","page","type-page","status-publish","hentry"],"blocksy_meta":[],"_links":{"self":[{"href":"https:\/\/chateaugioux.com\/fr\/wp-json\/wp\/v2\/pages\/7466","targetHints":{"allow":["GET"]}}],"collection":[{"href":"https:\/\/chateaugioux.com\/fr\/wp-json\/wp\/v2\/pages"}],"about":[{"href":"https:\/\/chateaugioux.com\/fr\/wp-json\/wp\/v2\/types\/page"}],"author":[{"embeddable":true,"href":"https:\/\/chateaugioux.com\/fr\/wp-json\/wp\/v2\/users\/1"}],"replies":[{"embeddable":true,"href":"https:\/\/chateaugioux.com\/fr\/wp-json\/wp\/v2\/comments?post=7466"}],"version-history":[{"count":17,"href":"https:\/\/chateaugioux.com\/fr\/wp-json\/wp\/v2\/pages\/7466\/revisions"}],"predecessor-version":[{"id":9649,"href":"https:\/\/chateaugioux.com\/fr\/wp-json\/wp\/v2\/pages\/7466\/revisions\/9649"}],"wp:attachment":[{"href":"https:\/\/chateaugioux.com\/fr\/wp-json\/wp\/v2\/media?parent=7466"}],"curies":[{"name":"wp","href":"https:\/\/api.w.org\/{rel}","templated":true}]}}