{"id":6237,"date":"2025-01-06T15:37:08","date_gmt":"2025-01-06T14:37:08","guid":{"rendered":"https:\/\/chateaugioux.com\/elementor-6228\/"},"modified":"2025-04-08T10:47:42","modified_gmt":"2025-04-08T08:47:42","slug":"elementor-6228","status":"publish","type":"page","link":"https:\/\/chateaugioux.com\/fr\/elementor-6228\/","title":{"rendered":"Elementor #6228"},"content":{"rendered":"\t\t<div data-elementor-type=\"wp-page\" data-elementor-id=\"6237\" class=\"elementor elementor-6237 elementor-6228\" data-elementor-post-type=\"page\">\n\t\t\t\t<div class=\"elementor-element elementor-element-865dd72 e-flex e-con-boxed e-con e-parent\" data-id=\"865dd72\" data-element_type=\"container\" data-e-type=\"container\">\n\t\t\t\t\t<div class=\"e-con-inner\">\n\t\t\t\t<div class=\"elementor-element elementor-element-7f1f45a elementor-widget elementor-widget-heading\" data-id=\"7f1f45a\" data-element_type=\"widget\" data-e-type=\"widget\" data-widget_type=\"heading.default\">\n\t\t\t\t<div class=\"elementor-widget-container\">\n\t\t\t\t\t<h1 class=\"elementor-heading-title elementor-size-default\">Villages et villes de la Creuse<\/h1>\t\t\t\t<\/div>\n\t\t\t\t<\/div>\n\t\t\t\t<div class=\"elementor-element elementor-element-b4dcbf5 elementor-widget elementor-widget-text-editor\" data-id=\"b4dcbf5\" data-element_type=\"widget\" data-e-type=\"widget\" data-widget_type=\"text-editor.default\">\n\t\t\t\t<div class=\"elementor-widget-container\">\n\t\t\t\t\t\t\t\t\t<p>La Creuse, situ\u00e9e au c\u0153ur de la r\u00e9gion Nouvelle-Aquitaine, est une province souvent m\u00e9connue des touristes, qui offre pourtant une grande beaut\u00e9 naturelle et une grande richesse culturelle. Cette r\u00e9gion rurale est charg\u00e9e d&rsquo;histoire, o\u00f9 ch\u00e2teaux anciens, villages pittoresques et vall\u00e9es verdoyantes se c\u00f4toient dans un paysage idyllique.  Les villes et villages de la Creuse, chacun avec son propre charme, sont des endroits parfaits pour explorer la culture et l&rsquo;histoire locales. Des rues m\u00e9di\u00e9vales aux march\u00e9s traditionnels en passant par les b\u00e2timents embl\u00e9matiques, ces villes pittoresques ont de quoi plaire \u00e0 tout le monde. <\/p>\t\t\t\t\t\t\t\t<\/div>\n\t\t\t\t<\/div>\n\t\t\t\t\t<\/div>\n\t\t\t\t<\/div>\n\t\t<div class=\"elementor-element elementor-element-6f9a4b2 e-flex e-con-boxed e-con e-parent\" data-id=\"6f9a4b2\" data-element_type=\"container\" data-e-type=\"container\">\n\t\t\t\t\t<div class=\"e-con-inner\">\n\t\t<div class=\"elementor-element elementor-element-e744210 e-con-full e-flex e-con e-child\" data-id=\"e744210\" data-element_type=\"container\" data-e-type=\"container\">\n\t\t\t\t<div class=\"elementor-element elementor-element-821ee83 elementor-widget elementor-widget-heading\" data-id=\"821ee83\" data-element_type=\"widget\" data-e-type=\"widget\" data-widget_type=\"heading.default\">\n\t\t\t\t<div class=\"elementor-widget-container\">\n\t\t\t\t\t<h1 class=\"elementor-heading-title elementor-size-default\">Aubusson<\/h1>\t\t\t\t<\/div>\n\t\t\t\t<\/div>\n\t\t\t\t<div class=\"elementor-element elementor-element-5caccf8 elementor-widget elementor-widget-text-editor\" data-id=\"5caccf8\" data-element_type=\"widget\" data-e-type=\"widget\" data-widget_type=\"text-editor.default\">\n\t\t\t\t<div class=\"elementor-widget-container\">\n\t\t\t\t\t\t\t\t\t<p><em>22 km de Ch\u00e2teau-Gioux<\/em><\/p>\t\t\t\t\t\t\t\t<\/div>\n\t\t\t\t<\/div>\n\t\t\t\t<div class=\"elementor-element elementor-element-8925522 elementor-widget-divider--view-line elementor-widget elementor-widget-divider\" data-id=\"8925522\" data-element_type=\"widget\" data-e-type=\"widget\" data-widget_type=\"divider.default\">\n\t\t\t\t<div class=\"elementor-widget-container\">\n\t\t\t\t\t\t\t<div class=\"elementor-divider\">\n\t\t\t<span class=\"elementor-divider-separator\">\n\t\t\t\t\t\t<\/span>\n\t\t<\/div>\n\t\t\t\t\t\t<\/div>\n\t\t\t\t<\/div>\n\t\t\t\t<div class=\"elementor-element elementor-element-5eccc81 elementor-widget elementor-widget-text-editor\" data-id=\"5eccc81\" data-element_type=\"widget\" data-e-type=\"widget\" data-widget_type=\"text-editor.default\">\n\t\t\t\t<div class=\"elementor-widget-container\">\n\t\t\t\t\t\t\t\t\t<p><strong>Une ville d&rsquo;histoire et d&rsquo;artisanat<\/strong><\/p><p>Aubusson, situ\u00e9e dans la r\u00e9gion Nouvelle-Aquitaine, est une ville captivante c\u00e9l\u00e8bre pour sa riche histoire et l&rsquo;art s\u00e9culaire de la tapisserie. Elle est class\u00e9e au patrimoine mondial de l&rsquo;UNESCO en raison de ses tapisseries de renomm\u00e9e mondiale, qui sont lou\u00e9es dans le monde entier pour leur qualit\u00e9 raffin\u00e9e et leur valeur artistique. La ville a une atmosph\u00e8re charmante avec ses rues pav\u00e9es, ses b\u00e2timents historiques et sa situation pittoresque le long de la Creuse.  <\/p><p>Le patrimoine b\u00e2ti d&rsquo;Aubusson est un t\u00e9moignage vivant de son histoire : maisons \u00e0 tourelles, tour de l&rsquo;Horloge, vestiges du ch\u00e2teau, pont et ch\u00e2telet de la Terrade, impressionnante \u00e9glise Sainte-Croix entour\u00e9e d&rsquo;une roseraie au bord de la rivi\u00e8re. Ces monuments historiques sont un v\u00e9ritable r\u00e9gal pour les yeux. <\/p><p>Le panorama que l&rsquo;on d\u00e9couvre en prenant de la hauteur est \u00e0 couper le souffle. La vue sur la ville, les m\u00e9andres de la Creuse, les jardins en terrasse, les ruelles \u00e9troites et sinueuses offrent un spectacle unique et enchanteur. Le c\u0153ur de la ville est domin\u00e9 et prot\u00e9g\u00e9 par une nature luxuriante accroch\u00e9e \u00e0 des coteaux abrupts, ce qui donne \u00e0 la ville un charme incomparable.  <\/p>\t\t\t\t\t\t\t\t<\/div>\n\t\t\t\t<\/div>\n\t\t\t\t<\/div>\n\t\t<div class=\"elementor-element elementor-element-c9a729a e-con-full e-flex e-con e-child\" data-id=\"c9a729a\" data-element_type=\"container\" data-e-type=\"container\">\n\t\t\t\t<div class=\"elementor-element elementor-element-082578c elementor-widget elementor-widget-image\" data-id=\"082578c\" data-element_type=\"widget\" data-e-type=\"widget\" data-widget_type=\"image.default\">\n\t\t\t\t<div class=\"elementor-widget-container\">\n\t\t\t\t\t\t\t\t\t\t\t\t\t\t\t<img fetchpriority=\"high\" decoding=\"async\" width=\"1024\" height=\"768\" src=\"https:\/\/chateaugioux.com\/wp-content\/uploads\/2025\/01\/Pont-de-la-Terrade-Aubusson-1024x768.jpg\" class=\"attachment-large size-large wp-image-6301\" alt=\"Pont de la Terrade, a charming historic bridge over the river in Aubusson.\" srcset=\"https:\/\/chateaugioux.com\/wp-content\/uploads\/2025\/01\/Pont-de-la-Terrade-Aubusson-1024x768.jpg 1024w, https:\/\/chateaugioux.com\/wp-content\/uploads\/2025\/01\/Pont-de-la-Terrade-Aubusson-300x225.jpg 300w, https:\/\/chateaugioux.com\/wp-content\/uploads\/2025\/01\/Pont-de-la-Terrade-Aubusson-768x576.jpg 768w, https:\/\/chateaugioux.com\/wp-content\/uploads\/2025\/01\/Pont-de-la-Terrade-Aubusson-1536x1152.jpg 1536w, https:\/\/chateaugioux.com\/wp-content\/uploads\/2025\/01\/Pont-de-la-Terrade-Aubusson.webp 1920w\" sizes=\"(max-width: 1024px) 100vw, 1024px\" \/>\t\t\t\t\t\t\t\t\t\t\t\t\t\t\t<\/div>\n\t\t\t\t<\/div>\n\t\t\t\t<div class=\"elementor-element elementor-element-fb3829e elementor-widget elementor-widget-text-editor\" data-id=\"fb3829e\" data-element_type=\"widget\" data-e-type=\"widget\" data-widget_type=\"text-editor.default\">\n\t\t\t\t<div class=\"elementor-widget-container\">\n\t\t\t\t\t\t\t\t\t<p><em>\u00a9Aubusson Felletin Tourisme<\/em><\/p>\t\t\t\t\t\t\t\t<\/div>\n\t\t\t\t<\/div>\n\t\t\t\t<\/div>\n\t\t\t\t\t<\/div>\n\t\t\t\t<\/div>\n\t\t<div class=\"elementor-element elementor-element-0af379f e-flex e-con-boxed e-con e-parent\" data-id=\"0af379f\" data-element_type=\"container\" data-e-type=\"container\">\n\t\t\t\t\t<div class=\"e-con-inner\">\n\t\t<div class=\"elementor-element elementor-element-4d227a3 e-con-full e-flex e-con e-child\" data-id=\"4d227a3\" data-element_type=\"container\" data-e-type=\"container\">\n\t\t\t\t<div class=\"elementor-element elementor-element-5622b5d elementor-widget elementor-widget-image\" data-id=\"5622b5d\" data-element_type=\"widget\" data-e-type=\"widget\" data-widget_type=\"image.default\">\n\t\t\t\t<div class=\"elementor-widget-container\">\n\t\t\t\t\t\t\t\t\t\t\t\t\t\t\t<img decoding=\"async\" width=\"1024\" height=\"512\" src=\"https:\/\/chateaugioux.com\/wp-content\/uploads\/2025\/01\/felletin-pont-roby-1024x512.webp\" class=\"attachment-large size-large wp-image-6314\" alt=\"Pont Roby, a historic stone bridge in Felletin, France.\" srcset=\"https:\/\/chateaugioux.com\/wp-content\/uploads\/2025\/01\/felletin-pont-roby-1024x512.webp 1024w, https:\/\/chateaugioux.com\/wp-content\/uploads\/2025\/01\/felletin-pont-roby-300x150.webp 300w, https:\/\/chateaugioux.com\/wp-content\/uploads\/2025\/01\/felletin-pont-roby-768x384.webp 768w, https:\/\/chateaugioux.com\/wp-content\/uploads\/2025\/01\/felletin-pont-roby-1536x768.webp 1536w, https:\/\/chateaugioux.com\/wp-content\/uploads\/2025\/01\/felletin-pont-roby.webp 1920w\" sizes=\"(max-width: 1024px) 100vw, 1024px\" \/>\t\t\t\t\t\t\t\t\t\t\t\t\t\t\t<\/div>\n\t\t\t\t<\/div>\n\t\t\t\t<div class=\"elementor-element elementor-element-7fc0518 elementor-widget elementor-widget-text-editor\" data-id=\"7fc0518\" data-element_type=\"widget\" data-e-type=\"widget\" data-widget_type=\"text-editor.default\">\n\t\t\t\t<div class=\"elementor-widget-container\">\n\t\t\t\t\t\t\t\t\t<p><em>\u00a9Aubusson Felletin Tourisme<\/em><\/p>\t\t\t\t\t\t\t\t<\/div>\n\t\t\t\t<\/div>\n\t\t\t\t<\/div>\n\t\t<div class=\"elementor-element elementor-element-2f1d576 e-con-full e-flex e-con e-child\" data-id=\"2f1d576\" data-element_type=\"container\" data-e-type=\"container\">\n\t\t\t\t<div class=\"elementor-element elementor-element-28fc99e elementor-widget elementor-widget-heading\" data-id=\"28fc99e\" data-element_type=\"widget\" data-e-type=\"widget\" data-widget_type=\"heading.default\">\n\t\t\t\t<div class=\"elementor-widget-container\">\n\t\t\t\t\t<h1 class=\"elementor-heading-title elementor-size-default\">Felletin<\/h1>\t\t\t\t<\/div>\n\t\t\t\t<\/div>\n\t\t\t\t<div class=\"elementor-element elementor-element-dd4dba4 elementor-widget elementor-widget-text-editor\" data-id=\"dd4dba4\" data-element_type=\"widget\" data-e-type=\"widget\" data-widget_type=\"text-editor.default\">\n\t\t\t\t<div class=\"elementor-widget-container\">\n\t\t\t\t\t\t\t\t\t<p><em>28 km de Ch\u00e2teau-Gioux<\/em><\/p>\t\t\t\t\t\t\t\t<\/div>\n\t\t\t\t<\/div>\n\t\t\t\t<div class=\"elementor-element elementor-element-9ee3fc4 elementor-widget-divider--view-line elementor-widget elementor-widget-divider\" data-id=\"9ee3fc4\" data-element_type=\"widget\" data-e-type=\"widget\" data-widget_type=\"divider.default\">\n\t\t\t\t<div class=\"elementor-widget-container\">\n\t\t\t\t\t\t\t<div class=\"elementor-divider\">\n\t\t\t<span class=\"elementor-divider-separator\">\n\t\t\t\t\t\t<\/span>\n\t\t<\/div>\n\t\t\t\t\t\t<\/div>\n\t\t\t\t<\/div>\n\t\t\t\t<div class=\"elementor-element elementor-element-9e85974 elementor-widget elementor-widget-text-editor\" data-id=\"9e85974\" data-element_type=\"widget\" data-e-type=\"widget\" data-widget_type=\"text-editor.default\">\n\t\t\t\t<div class=\"elementor-widget-container\">\n\t\t\t\t\t\t\t\t\t<p data-pm-slice=\"1 1 []\">Felletin, ville historique de la Creuse, est r\u00e9put\u00e9e pour \u00eatre le berceau de l&rsquo;art de la tapisserie. Avec Aubusson, elle contribue \u00e0 la tradition du tissage de la tapisserie, reconnue par l&rsquo;UNESCO. \u00c0 Felletin, vous pourrez visiter des ateliers pour voir de pr\u00e8s le travail des artisans et profiter de la riche histoire de la r\u00e9gion.  <\/p><p>Tous les vendredis matin, un march\u00e9 anim\u00e9 propose des produits locaux tels que du fromage, de la charcuterie et des l\u00e9gumes de saison. En outre, l&rsquo;\u00e9glise gothique Sainte-Val\u00e9rie m\u00e9rite une visite pour sa belle architecture et ses vitraux. <\/p><p>Pour les amoureux de la nature, les environs de Felletin offrent de nombreux sentiers de randonn\u00e9e \u00e0 travers les collines verdoyantes et le long de la Creuse. La ville est une destination id\u00e9ale pour une journ\u00e9e culturelle et de d\u00e9tente. <\/p><p>Pour plus d&rsquo;informations sur Felletin et les activit\u00e9s de la r\u00e9gion, visitez le<a href=\"https:\/\/www.tourisme-creuse.com\/aubusson-felletin\/\" target=\"_blank\" rel=\"noopener\"> site officiel du tourisme<\/a><\/p>\t\t\t\t\t\t\t\t<\/div>\n\t\t\t\t<\/div>\n\t\t\t\t<\/div>\n\t\t\t\t\t<\/div>\n\t\t\t\t<\/div>\n\t\t\t\t<\/div>\n\t\t","protected":false},"excerpt":{"rendered":"<p>Villages et villes de la Creuse La Creuse, situ\u00e9e au c\u0153ur de la r\u00e9gion Nouvelle-Aquitaine, est une province souvent m\u00e9connue des touristes, qui offre pourtant une grande beaut\u00e9 naturelle et une grande richesse culturelle. Cette r\u00e9gion rurale est charg\u00e9e d&rsquo;histoire, o\u00f9 ch\u00e2teaux anciens, villages pittoresques et vall\u00e9es verdoyantes se c\u00f4toient dans un paysage idyllique. Les [&hellip;]<\/p>\n","protected":false},"author":1,"featured_media":0,"parent":0,"menu_order":0,"comment_status":"closed","ping_status":"closed","template":"","meta":{"footnotes":""},"class_list":["post-6237","page","type-page","status-publish","hentry"],"blocksy_meta":[],"_links":{"self":[{"href":"https:\/\/chateaugioux.com\/fr\/wp-json\/wp\/v2\/pages\/6237","targetHints":{"allow":["GET"]}}],"collection":[{"href":"https:\/\/chateaugioux.com\/fr\/wp-json\/wp\/v2\/pages"}],"about":[{"href":"https:\/\/chateaugioux.com\/fr\/wp-json\/wp\/v2\/types\/page"}],"author":[{"embeddable":true,"href":"https:\/\/chateaugioux.com\/fr\/wp-json\/wp\/v2\/users\/1"}],"replies":[{"embeddable":true,"href":"https:\/\/chateaugioux.com\/fr\/wp-json\/wp\/v2\/comments?post=6237"}],"version-history":[{"count":3,"href":"https:\/\/chateaugioux.com\/fr\/wp-json\/wp\/v2\/pages\/6237\/revisions"}],"predecessor-version":[{"id":7822,"href":"https:\/\/chateaugioux.com\/fr\/wp-json\/wp\/v2\/pages\/6237\/revisions\/7822"}],"wp:attachment":[{"href":"https:\/\/chateaugioux.com\/fr\/wp-json\/wp\/v2\/media?parent=6237"}],"curies":[{"name":"wp","href":"https:\/\/api.w.org\/{rel}","templated":true}]}}