{"id":4684,"date":"2024-11-15T17:38:33","date_gmt":"2024-11-15T16:38:33","guid":{"rendered":"https:\/\/chateaugioux.com\/evenements\/"},"modified":"2025-06-23T09:59:52","modified_gmt":"2025-06-23T07:59:52","slug":"evenements","status":"publish","type":"page","link":"https:\/\/chateaugioux.com\/fr\/evenements\/","title":{"rendered":"Paquet"},"content":{"rendered":"\t\t<div data-elementor-type=\"wp-page\" data-elementor-id=\"4684\" class=\"elementor elementor-4684\" data-elementor-post-type=\"page\">\n\t\t\t\t<div class=\"elementor-element elementor-element-22f9a87 e-con-full e-flex e-con e-parent\" data-id=\"22f9a87\" data-element_type=\"container\" data-e-type=\"container\" data-settings=\"{&quot;background_background&quot;:&quot;slideshow&quot;,&quot;background_slideshow_gallery&quot;:[{&quot;id&quot;:6484,&quot;url&quot;:&quot;https:\\\/\\\/chateaugioux.com\\\/wp-content\\\/uploads\\\/2025\\\/01\\\/valentijn-foto--scaled.jpg&quot;},{&quot;id&quot;:6486,&quot;url&quot;:&quot;https:\\\/\\\/chateaugioux.com\\\/wp-content\\\/uploads\\\/2025\\\/01\\\/Valentine-Diner--scaled.jpg&quot;},{&quot;id&quot;:5088,&quot;url&quot;:&quot;https:\\\/\\\/chateaugioux.com\\\/wp-content\\\/uploads\\\/2024\\\/11\\\/F24BA507-2DB1-4989-B2E3-A98B29CBD17E-scaled.jpeg&quot;},{&quot;id&quot;:3520,&quot;url&quot;:&quot;https:\\\/\\\/chateaugioux.com\\\/wp-content\\\/uploads\\\/2024\\\/09\\\/IMG_6097-scaled.jpeg&quot;},{&quot;id&quot;:3530,&quot;url&quot;:&quot;https:\\\/\\\/chateaugioux.com\\\/wp-content\\\/uploads\\\/2024\\\/09\\\/ChateauGioux_04-scaled.jpg&quot;},{&quot;id&quot;:3524,&quot;url&quot;:&quot;https:\\\/\\\/chateaugioux.com\\\/wp-content\\\/uploads\\\/2024\\\/09\\\/IMG_6102-scaled.jpeg&quot;},{&quot;id&quot;:3353,&quot;url&quot;:&quot;https:\\\/\\\/chateaugioux.com\\\/wp-content\\\/uploads\\\/2024\\\/08\\\/IMG_6071-scaled.jpeg&quot;},{&quot;id&quot;:3350,&quot;url&quot;:&quot;https:\\\/\\\/chateaugioux.com\\\/wp-content\\\/uploads\\\/2024\\\/08\\\/IMG_6066-scaled.jpeg&quot;}],&quot;background_slideshow_loop&quot;:&quot;yes&quot;,&quot;background_slideshow_slide_duration&quot;:5000,&quot;background_slideshow_slide_transition&quot;:&quot;fade&quot;,&quot;background_slideshow_transition_duration&quot;:500}\">\n\t\t\t\t<div class=\"elementor-element elementor-element-11ac098 elementor-widget elementor-widget-heading\" data-id=\"11ac098\" data-element_type=\"widget\" data-e-type=\"widget\" data-widget_type=\"heading.default\">\n\t\t\t\t<div class=\"elementor-widget-container\">\n\t\t\t\t\t<h1 class=\"elementor-heading-title elementor-size-default\">-Ch\u00e2teau Gioux -<\/h1>\t\t\t\t<\/div>\n\t\t\t\t<\/div>\n\t\t<div class=\"elementor-element elementor-element-fc45be4 e-flex e-con-boxed e-con e-child\" data-id=\"fc45be4\" data-element_type=\"container\" data-e-type=\"container\">\n\t\t\t\t\t<div class=\"e-con-inner\">\n\t\t\t\t<div class=\"elementor-element elementor-element-be80411 elementor-widget elementor-widget-heading\" data-id=\"be80411\" data-element_type=\"widget\" data-e-type=\"widget\" data-widget_type=\"heading.default\">\n\t\t\t\t<div class=\"elementor-widget-container\">\n\t\t\t\t\t<h1 class=\"elementor-heading-title elementor-size-default\">C\u00e9l\u00e9brez la Saint-Valentin avec style.....<\/h1>\t\t\t\t<\/div>\n\t\t\t\t<\/div>\n\t\t\t\t\t<\/div>\n\t\t\t\t<\/div>\n\t\t\t\t<\/div>\n\t\t<div class=\"elementor-element elementor-element-9488aa2 e-flex e-con-boxed e-con e-parent\" data-id=\"9488aa2\" data-element_type=\"container\" data-e-type=\"container\">\n\t\t\t\t\t<div class=\"e-con-inner\">\n\t\t\t\t<div class=\"elementor-element elementor-element-66f08d1 elementor-widget elementor-widget-heading\" data-id=\"66f08d1\" data-element_type=\"widget\" data-e-type=\"widget\" data-widget_type=\"heading.default\">\n\t\t\t\t<div class=\"elementor-widget-container\">\n\t\t\t\t\t<h1 class=\"elementor-heading-title elementor-size-default\">Forfait escapade de la Saint-Valentin<\/h1>\t\t\t\t<\/div>\n\t\t\t\t<\/div>\n\t\t\t\t\t<\/div>\n\t\t\t\t<\/div>\n\t\t<div class=\"elementor-element elementor-element-2708825 e-flex e-con-boxed e-con e-parent\" data-id=\"2708825\" data-element_type=\"container\" data-e-type=\"container\">\n\t\t\t\t\t<div class=\"e-con-inner\">\n\t\t<div class=\"elementor-element elementor-element-8f45d63 e-con-full e-flex e-con e-child\" data-id=\"8f45d63\" data-element_type=\"container\" data-e-type=\"container\">\n\t\t\t\t<div class=\"elementor-element elementor-element-9d9b9d7 elementor-widget elementor-widget-text-editor\" data-id=\"9d9b9d7\" data-element_type=\"widget\" data-e-type=\"widget\" data-widget_type=\"text-editor.default\">\n\t\t\t\t<div class=\"elementor-widget-container\">\n\t\t\t\t\t\t\t\t\t<p>Rendez cette Saint-Valentin inoubliable gr\u00e2ce \u00e0 notre forfait romantique sp\u00e9cial, disponible le <strong>14 ou le 15 f\u00e9vrier.<\/strong><\/p><h3><strong>1 nuit d&rsquo;h\u00e9bergement<\/strong><\/h3><p>D\u00e9tendez-vous dans l&rsquo;ambiance intime de nos chambres douillettes et charmantes, con\u00e7ues pour une escapade romantique parfaite.<\/p><h3><strong>Boisson de bienvenue<\/strong><\/h3><p>Commencez votre soir\u00e9e par un verre de bienvenue et un accueil chaleureux et romantique pour donner le ton d&rsquo;une nuit m\u00e9morable.<\/p><h3><strong>D\u00eener de la Saint-Valentin (14 ou 15 f\u00e9vrier)<\/strong><\/h3><p>Laissez-vous tenter par un d\u00e9licieux<strong> d\u00eener aux chandelles<\/strong> de 5 plats, soigneusement \u00e9labor\u00e9 pour c\u00e9l\u00e9brer l&rsquo;amour. Chaque plat est accompagn\u00e9 de vins raffin\u00e9s qui rehausseront votre exp\u00e9rience gastronomique. <\/p><h3><strong>Petit-d\u00e9jeuner de la Saint-Valentin (15 ou 16 f\u00e9vrier)<\/strong><\/h3><p>Petit d\u00e9jeuner pour deux, rempli d&rsquo;options fra\u00eeches, pour commencer votre journ\u00e9e d&rsquo;amour de la meilleure fa\u00e7on possible.<\/p><p><em>C\u00e9l\u00e9brez l&rsquo;amour avec \u00e9l\u00e9gance et style dans un cadre propice au romantisme.<\/em><\/p>\t\t\t\t\t\t\t\t<\/div>\n\t\t\t\t<\/div>\n\t\t\t\t<\/div>\n\t\t<div class=\"elementor-element elementor-element-b33a53f e-con-full e-flex e-con e-child\" data-id=\"b33a53f\" data-element_type=\"container\" data-e-type=\"container\">\n\t\t<div class=\"elementor-element elementor-element-f0f5ee2 e-con-full e-flex e-con e-child\" data-id=\"f0f5ee2\" data-element_type=\"container\" data-e-type=\"container\">\n\t\t\t\t<div class=\"elementor-element elementor-element-d293e24 elementor-widget elementor-widget-image\" data-id=\"d293e24\" data-element_type=\"widget\" data-e-type=\"widget\" data-widget_type=\"image.default\">\n\t\t\t\t<div class=\"elementor-widget-container\">\n\t\t\t\t\t\t\t\t\t\t\t\t\t\t\t<img fetchpriority=\"high\" decoding=\"async\" width=\"1920\" height=\"1053\" src=\"https:\/\/chateaugioux.com\/wp-content\/uploads\/2025\/01\/Valentine-Diner--scaled.webp\" class=\"attachment-full size-full wp-image-6486\" alt=\"Valentine Diner Ch\u00e2teau Gioux\" srcset=\"https:\/\/chateaugioux.com\/wp-content\/uploads\/2025\/01\/Valentine-Diner--scaled.webp 1920w, https:\/\/chateaugioux.com\/wp-content\/uploads\/2025\/01\/Valentine-Diner--300x165.webp 300w, https:\/\/chateaugioux.com\/wp-content\/uploads\/2025\/01\/Valentine-Diner--1024x562.webp 1024w, https:\/\/chateaugioux.com\/wp-content\/uploads\/2025\/01\/Valentine-Diner--768x421.webp 768w, https:\/\/chateaugioux.com\/wp-content\/uploads\/2025\/01\/Valentine-Diner--1536x842.webp 1536w\" sizes=\"(max-width: 1920px) 100vw, 1920px\" \/>\t\t\t\t\t\t\t\t\t\t\t\t\t\t\t<\/div>\n\t\t\t\t<\/div>\n\t\t\t\t<div class=\"elementor-element elementor-element-5b75135 elementor-widget elementor-widget-text-editor\" data-id=\"5b75135\" data-element_type=\"widget\" data-e-type=\"widget\" data-widget_type=\"text-editor.default\">\n\t\t\t\t<div class=\"elementor-widget-container\">\n\t\t\t\t\t\t\t\t\t<p><strong>A partir de \u20ac235,- pour la chambre Antoinette<\/strong> en occupation double *hors boissons au d\u00eener. <\/p><p><strong>A partir de \u20ac226,- pour la chambre Th\u00e9r\u00e8se <\/strong>en occupation double *hors boissons au d\u00eener.   <\/p>\t\t\t\t\t\t\t\t<\/div>\n\t\t\t\t<\/div>\n\t\t\t\t<\/div>\n\t\t\t\t<div class=\"elementor-element elementor-element-3bf4ac4 elementor-widget elementor-widget-button\" data-id=\"3bf4ac4\" data-element_type=\"widget\" data-e-type=\"widget\" data-widget_type=\"button.default\">\n\t\t\t\t<div class=\"elementor-widget-container\">\n\t\t\t\t\t\t\t\t\t<div class=\"elementor-button-wrapper\">\n\t\t\t\t\t<a class=\"elementor-button elementor-button-link elementor-size-sm\" href=\"https:\/\/chateaugioux.com\/accommodations\/\">\n\t\t\t\t\t\t<span class=\"elementor-button-content-wrapper\">\n\t\t\t\t\t\t\t\t\t<span class=\"elementor-button-text\">R\u00e9servez d\u00e8s maintenant<\/span>\n\t\t\t\t\t<\/span>\n\t\t\t\t\t<\/a>\n\t\t\t\t<\/div>\n\t\t\t\t\t\t\t\t<\/div>\n\t\t\t\t<\/div>\n\t\t\t\t<\/div>\n\t\t\t\t\t<\/div>\n\t\t\t\t<\/div>\n\t\t<div class=\"elementor-element elementor-element-29c2d97 e-flex e-con-boxed e-con e-parent\" data-id=\"29c2d97\" data-element_type=\"container\" data-e-type=\"container\">\n\t\t\t\t\t<div class=\"e-con-inner\">\n\t\t\t\t<div class=\"elementor-element elementor-element-a01b8bd elementor-widget elementor-widget-heading\" data-id=\"a01b8bd\" data-element_type=\"widget\" data-e-type=\"widget\" data-widget_type=\"heading.default\">\n\t\t\t\t<div class=\"elementor-widget-container\">\n\t\t\t\t\t<h2 class=\"elementor-heading-title elementor-size-default\">Menu de la Saint-Valentin 2025<\/h2>\t\t\t\t<\/div>\n\t\t\t\t<\/div>\n\t\t\t\t<div class=\"elementor-element elementor-element-a7b900c elementor-widget elementor-widget-text-editor\" data-id=\"a7b900c\" data-element_type=\"widget\" data-e-type=\"widget\" data-widget_type=\"text-editor.default\">\n\t\t\t\t<div class=\"elementor-widget-container\">\n\t\t\t\t\t\t\t\t\t<p><b>**Amuse-Bouches**  <span class=\"Apple-converted-space\"> <\/span><\/b><\/p><p><span class=\"Apple-converted-space\">Croquettes de champignons faites maison, servies avec une mayonnaise au yaourt infus\u00e9e de sel noir d&rsquo;Islande.  <\/span><span class=\"Apple-converted-space\"> <\/span><\/p><p><b>**Starter**  <span class=\"Apple-converted-space\"> <\/span><\/b><\/p><p>Soupe velout\u00e9e au potiron et au gingembre : Une soupe douce et soyeuse avec une touche subtile d&rsquo;huile de sauge.  <span class=\"Apple-converted-space\"> <\/span><\/p><p><b>**Cours principal**  <span class=\"Apple-converted-space\"> <\/span><\/b><\/p><p>Tendre poulet farci de champignons fins, envelopp\u00e9 dans une p\u00e2te feuillet\u00e9e croustillante et servi avec une sauce cr\u00e9meuse \u00e0 la moutarde, une tour de pur\u00e9e de pommes de terre et une salade de cresson.<\/p><p><b>**Assiette de fromage**  <span class=\"Apple-converted-space\"> <\/span><\/b><\/p><p>S\u00e9lection de fromages avec pain au levain et gel\u00e9e de m\u00fbres sauvages.  <span class=\"Apple-converted-space\"> <\/span><\/p><p><b>**Dessert**  <span class=\"Apple-converted-space\"> <\/span><\/b><\/p><p>Panna cotta \u00e0 l&rsquo;orange sanguine avec un crumble de biscuits croustillants au chocolat<\/p><p><b>**Caf\u00e9 ou th\u00e9**  <span class=\"Apple-converted-space\"> <\/span><\/b><\/p><p><b>**Prix**  <span class=\"Apple-converted-space\"> <\/span><\/b><\/p><p><span style=\"text-decoration: underline;\">Menu :<\/span> 58 \u20ac par personne  <span class=\"Apple-converted-space\"> <\/span><\/p><p><span style=\"text-decoration: underline;\">Accord mets-vins :<\/span> 13 \u20ac par personne  <span class=\"Apple-converted-space\"> <\/span><\/p><p><em>Tous nos plats sont soigneusement pr\u00e9par\u00e9s, faits maison et \u00e0 base de produits r\u00e9gionaux.  <\/em><\/p>\t\t\t\t\t\t\t\t<\/div>\n\t\t\t\t<\/div>\n\t\t\t\t\t<\/div>\n\t\t\t\t<\/div>\n\t\t<div class=\"elementor-element elementor-element-bf9b422 e-flex e-con-boxed e-con e-parent\" data-id=\"bf9b422\" data-element_type=\"container\" data-e-type=\"container\" data-settings=\"{&quot;background_background&quot;:&quot;slideshow&quot;,&quot;background_slideshow_gallery&quot;:[],&quot;background_slideshow_loop&quot;:&quot;yes&quot;,&quot;background_slideshow_slide_duration&quot;:5000,&quot;background_slideshow_slide_transition&quot;:&quot;fade&quot;,&quot;background_slideshow_transition_duration&quot;:500}\">\n\t\t\t\t\t<div class=\"e-con-inner\">\n\t\t<div class=\"elementor-element elementor-element-ca68505 e-con-full e-flex e-con e-child\" data-id=\"ca68505\" data-element_type=\"container\" data-e-type=\"container\">\n\t\t\t\t<div class=\"elementor-element elementor-element-93bd9dc elementor-widget elementor-widget-heading\" data-id=\"93bd9dc\" data-element_type=\"widget\" data-e-type=\"widget\" data-widget_type=\"heading.default\">\n\t\t\t\t<div class=\"elementor-widget-container\">\n\t\t\t\t\t<h2 class=\"elementor-heading-title elementor-size-default\">R\u00e9servez d\u00e8s aujourd'hui votre forfait d'escapade pour la Saint-Valentin !\n\n<\/h2>\t\t\t\t<\/div>\n\t\t\t\t<\/div>\n\t\t\t\t<div class=\"elementor-element elementor-element-8e7fb98 elementor-widget elementor-widget-text-editor\" data-id=\"8e7fb98\" data-element_type=\"widget\" data-e-type=\"widget\" data-widget_type=\"text-editor.default\">\n\t\t\t\t<div class=\"elementor-widget-container\">\n\t\t\t\t\t\t\t\t\t<p>Offrez-vous un s\u00e9jour sans souci, avec des repas exceptionnels, une hospitalit\u00e9 chaleureuse et une atmosph\u00e8re agr\u00e9able. R\u00e9servez d\u00e8s maintenant et faites de ce jour sp\u00e9cial un moment inoubliable ! <\/p>\t\t\t\t\t\t\t\t<\/div>\n\t\t\t\t<\/div>\n\t\t\t\t<\/div>\n\t\t\t\t\t<\/div>\n\t\t\t\t<\/div>\n\t\t<div class=\"elementor-element elementor-element-d83e6eb e-flex e-con-boxed e-con e-parent\" data-id=\"d83e6eb\" data-element_type=\"container\" data-e-type=\"container\">\n\t\t\t\t\t<div class=\"e-con-inner\">\n\t\t\t\t<div class=\"elementor-element elementor-element-a802cd4 elementor-widget elementor-widget-spacer\" data-id=\"a802cd4\" data-element_type=\"widget\" data-e-type=\"widget\" data-widget_type=\"spacer.default\">\n\t\t\t\t<div class=\"elementor-widget-container\">\n\t\t\t\t\t\t\t<div class=\"elementor-spacer\">\n\t\t\t<div class=\"elementor-spacer-inner\"><\/div>\n\t\t<\/div>\n\t\t\t\t\t\t<\/div>\n\t\t\t\t<\/div>\n\t\t\t\t\t<\/div>\n\t\t\t\t<\/div>\n\t\t\t\t<\/div>\n\t\t","protected":false},"excerpt":{"rendered":"<p>-Ch\u00e2teau Gioux &#8211; C\u00e9l\u00e9brez la Saint-Valentin avec style&#8230;.. Forfait escapade de la Saint-Valentin Rendez cette Saint-Valentin inoubliable gr\u00e2ce \u00e0 notre forfait romantique sp\u00e9cial, disponible le 14 ou le 15 f\u00e9vrier. 1 nuit d&rsquo;h\u00e9bergement D\u00e9tendez-vous dans l&rsquo;ambiance intime de nos chambres douillettes et charmantes, con\u00e7ues pour une escapade romantique parfaite. Boisson de bienvenue Commencez votre soir\u00e9e [&hellip;]<\/p>\n","protected":false},"author":1,"featured_media":0,"parent":0,"menu_order":0,"comment_status":"closed","ping_status":"closed","template":"","meta":{"footnotes":""},"class_list":["post-4684","page","type-page","status-publish","hentry"],"blocksy_meta":[],"_links":{"self":[{"href":"https:\/\/chateaugioux.com\/fr\/wp-json\/wp\/v2\/pages\/4684","targetHints":{"allow":["GET"]}}],"collection":[{"href":"https:\/\/chateaugioux.com\/fr\/wp-json\/wp\/v2\/pages"}],"about":[{"href":"https:\/\/chateaugioux.com\/fr\/wp-json\/wp\/v2\/types\/page"}],"author":[{"embeddable":true,"href":"https:\/\/chateaugioux.com\/fr\/wp-json\/wp\/v2\/users\/1"}],"replies":[{"embeddable":true,"href":"https:\/\/chateaugioux.com\/fr\/wp-json\/wp\/v2\/comments?post=4684"}],"version-history":[{"count":107,"href":"https:\/\/chateaugioux.com\/fr\/wp-json\/wp\/v2\/pages\/4684\/revisions"}],"predecessor-version":[{"id":8369,"href":"https:\/\/chateaugioux.com\/fr\/wp-json\/wp\/v2\/pages\/4684\/revisions\/8369"}],"wp:attachment":[{"href":"https:\/\/chateaugioux.com\/fr\/wp-json\/wp\/v2\/media?parent=4684"}],"curies":[{"name":"wp","href":"https:\/\/api.w.org\/{rel}","templated":true}]}}