{"id":2981,"date":"2024-03-18T13:58:41","date_gmt":"2024-03-18T12:58:41","guid":{"rendered":"https:\/\/chateaugioux.com\/table-dhotes\/"},"modified":"2026-03-24T13:46:16","modified_gmt":"2026-03-24T12:46:16","slug":"table-dhotes","status":"publish","type":"page","link":"https:\/\/chateaugioux.com\/fr\/table-dhotes\/","title":{"rendered":"Table d&rsquo;h\u00f4tes"},"content":{"rendered":"\t\t<div data-elementor-type=\"wp-page\" data-elementor-id=\"2981\" class=\"elementor elementor-2981 elementor-2950\" data-elementor-post-type=\"page\">\n\t\t\t\t<div class=\"elementor-element elementor-element-8b0ceab e-flex e-con-boxed e-con e-parent\" data-id=\"8b0ceab\" data-element_type=\"container\" data-e-type=\"container\">\n\t\t\t\t\t<div class=\"e-con-inner\">\n\t\t\t\t<div class=\"elementor-element elementor-element-2a7ac01 elementor-widget elementor-widget-heading\" data-id=\"2a7ac01\" data-element_type=\"widget\" data-e-type=\"widget\" data-widget_type=\"heading.default\">\n\t\t\t\t<div class=\"elementor-widget-container\">\n\t\t\t\t\t<h1 class=\"elementor-heading-title elementor-size-default\">Table d'h\u00f4tes<\/h1>\t\t\t\t<\/div>\n\t\t\t\t<\/div>\n\t\t\t\t<div class=\"elementor-element elementor-element-5679d68 elementor-widget elementor-widget-text-editor\" data-id=\"5679d68\" data-element_type=\"widget\" data-e-type=\"widget\" data-widget_type=\"text-editor.default\">\n\t\t\t\t<div class=\"elementor-widget-container\">\n\t\t\t\t\t\t\t\t\t<p data-start=\"476\" data-end=\"525\"><strong data-start=\"476\" data-end=\"523\">Repas Simples et D\u00e9licieux pour nos Invit\u00e9s<\/strong><\/p><p data-start=\"527\" data-end=\"718\">Vous s\u00e9journez dans notre B&amp;B ?<br data-start=\"558\" data-end=\"561\" \/>Alors, nous serions ravis de vous accueillir pour un <strong data-start=\"614\" data-end=\"647\">d\u00eener convivial de 3 services<\/strong> le <strong data-start=\"651\" data-end=\"686\">vendredi et samedi soir \u00e0 19h00<\/strong>(sur r\u00e9servation uniquement).<\/p><p data-start=\"527\" data-end=\"718\">Les autres soirs, nous proposons \u00e9galement un <strong data-start=\"766\" data-end=\"793\">plat simple fait maison<\/strong>, <strong data-start=\"795\" data-end=\"834\">\u00e9galement sur r\u00e9servation pr\u00e9alable<\/strong>.<\/p><p data-start=\"839\" data-end=\"877\">Nous avons h\u00e2te de vous accueillir !<\/p>\t\t\t\t\t\t\t\t<\/div>\n\t\t\t\t<\/div>\n\t\t\t\t\t<\/div>\n\t\t\t\t<\/div>\n\t\t<div class=\"elementor-element elementor-element-4cc74c2 e-flex e-con-boxed e-con e-parent\" data-id=\"4cc74c2\" data-element_type=\"container\" data-e-type=\"container\">\n\t\t\t\t\t<div class=\"e-con-inner\">\n\t\t<div class=\"elementor-element elementor-element-6f55d3d e-con-full e-flex e-con e-child\" data-id=\"6f55d3d\" data-element_type=\"container\" data-e-type=\"container\">\n\t\t\t\t<div class=\"elementor-element elementor-element-2e384f5 elementor-widget elementor-widget-text-editor\" data-id=\"2e384f5\" data-element_type=\"widget\" data-e-type=\"widget\" data-widget_type=\"text-editor.default\">\n\t\t\t\t<div class=\"elementor-widget-container\">\n\t\t\t\t\t\t\t\t\t<h3 data-start=\"395\" data-end=\"406\"><strong data-start=\"407\" data-end=\"432\">Notre menu comprend :<\/strong><\/h3><ul data-start=\"435\" data-end=\"525\"><li data-start=\"435\" data-end=\"457\"><p data-start=\"437\" data-end=\"457\">Une entr\u00e9e fra\u00eeche<\/p><\/li><li data-start=\"458\" data-end=\"489\"><p data-start=\"460\" data-end=\"489\">Un plat principal savoureux<\/p><\/li><li data-start=\"490\" data-end=\"525\"><p data-start=\"492\" data-end=\"525\">Un dessert + caf\u00e9 pour terminer<\/p><\/li><\/ul><p data-start=\"527\" data-end=\"699\"><strong data-start=\"527\" data-end=\"537\">Prix :<\/strong> Le d\u00eener en 3 services est \u00e0 28 \u20ac (boissons non incluses).<br data-start=\"596\" data-end=\"599\" \/>Les autres soirs, nous proposons \u00e9galement <strong data-start=\"642\" data-end=\"660\">un plat simple<\/strong> \u00e0 19 \u20ac (sur r\u00e9servation uniquement).<\/p><p data-start=\"701\" data-end=\"730\">Le d\u00eener est servi \u00e0 19h00<\/p><p data-start=\"723\" data-end=\"916\" data-is-last-node=\"\" data-is-only-node=\"\">\u00a0<\/p>\t\t\t\t\t\t\t\t<\/div>\n\t\t\t\t<\/div>\n\t\t\t\t<\/div>\n\t\t<div class=\"elementor-element elementor-element-aae9494 e-con-full e-flex e-con e-child\" data-id=\"aae9494\" data-element_type=\"container\" data-e-type=\"container\">\n\t\t\t\t<div class=\"elementor-element elementor-element-2880f1d elementor-skin-slideshow elementor-arrows-yes elementor-widget elementor-widget-media-carousel\" data-id=\"2880f1d\" data-element_type=\"widget\" data-e-type=\"widget\" data-settings=\"{&quot;skin&quot;:&quot;slideshow&quot;,&quot;effect&quot;:&quot;slide&quot;,&quot;show_arrows&quot;:&quot;yes&quot;,&quot;speed&quot;:500,&quot;autoplay&quot;:&quot;yes&quot;,&quot;autoplay_speed&quot;:5000,&quot;loop&quot;:&quot;yes&quot;,&quot;pause_on_hover&quot;:&quot;yes&quot;,&quot;pause_on_interaction&quot;:&quot;yes&quot;,&quot;space_between&quot;:{&quot;unit&quot;:&quot;px&quot;,&quot;size&quot;:10,&quot;sizes&quot;:[]},&quot;space_between_tablet&quot;:{&quot;unit&quot;:&quot;px&quot;,&quot;size&quot;:10,&quot;sizes&quot;:[]},&quot;space_between_mobile&quot;:{&quot;unit&quot;:&quot;px&quot;,&quot;size&quot;:10,&quot;sizes&quot;:[]}}\" data-widget_type=\"media-carousel.default\">\n\t\t\t\t<div class=\"elementor-widget-container\">\n\t\t\t\t\t\t\t\t\t<div class=\"elementor-swiper\">\n\t\t\t\t\t<div class=\"elementor-main-swiper swiper\" role=\"region\" aria-roledescription=\"carousel\" aria-label=\"Slides\">\n\t\t\t\t<div class=\"swiper-wrapper\">\n\t\t\t\t\t\t\t\t\t\t\t<div class=\"swiper-slide\" role=\"group\" aria-roledescription=\"slide\">\n\t\t\t\t\t\t\t<a href=\"http:\/\/chateaugioux.com\/wp-content\/uploads\/2025\/07\/ChateauGioux_tabledhotes4.jpg\" data-elementor-open-lightbox=\"yes\" data-elementor-lightbox-slideshow=\"2880f1d\" data-elementor-lightbox-title=\"Chateau Gioux\" data-e-action-hash=\"#elementor-action%3Aaction%3Dlightbox%26settings%3DeyJpZCI6ODYwOSwidXJsIjoiaHR0cHM6XC9cL2NoYXRlYXVnaW91eC5jb21cL3dwLWNvbnRlbnRcL3VwbG9hZHNcLzIwMjVcLzA3XC9DaGF0ZWF1R2lvdXhfdGFibGVkaG90ZXM0LmpwZyIsInNsaWRlc2hvdyI6IjI4ODBmMWQifQ%3D%3D\">\t\t<div class=\"elementor-carousel-image\" role=\"img\" aria-label=\"Chateau Gioux\" style=\"background-image: url(&#039;https:\/\/chateaugioux.com\/wp-content\/uploads\/2025\/07\/ChateauGioux_tabledhotes4.jpg&#039;)\">\n\n\t\t\t\n\t\t\t\t\t<\/div>\n\t\t<\/a>\t\t\t\t\t\t<\/div>\n\t\t\t\t\t\t\t\t\t\t\t<div class=\"swiper-slide\" role=\"group\" aria-roledescription=\"slide\">\n\t\t\t\t\t\t\t<a href=\"http:\/\/chateaugioux.com\/wp-content\/uploads\/2025\/07\/IMG_8497-scaled.jpeg\" data-elementor-open-lightbox=\"yes\" data-elementor-lightbox-slideshow=\"2880f1d\" data-elementor-lightbox-title=\"IMG_8497\" data-e-action-hash=\"#elementor-action%3Aaction%3Dlightbox%26settings%3DeyJpZCI6ODYxMywidXJsIjoiaHR0cHM6XC9cL2NoYXRlYXVnaW91eC5jb21cL3dwLWNvbnRlbnRcL3VwbG9hZHNcLzIwMjVcLzA3XC9JTUdfODQ5Ny1zY2FsZWQuanBlZyIsInNsaWRlc2hvdyI6IjI4ODBmMWQifQ%3D%3D\">\t\t<div class=\"elementor-carousel-image\" role=\"img\" aria-label=\"IMG_8497\" style=\"background-image: url(&#039;https:\/\/chateaugioux.com\/wp-content\/uploads\/2025\/07\/IMG_8497-scaled.jpeg&#039;)\">\n\n\t\t\t\n\t\t\t\t\t<\/div>\n\t\t<\/a>\t\t\t\t\t\t<\/div>\n\t\t\t\t\t\t\t\t\t\t\t<div class=\"swiper-slide\" role=\"group\" aria-roledescription=\"slide\">\n\t\t\t\t\t\t\t<a href=\"http:\/\/chateaugioux.com\/wp-content\/uploads\/2025\/07\/IMG_8810-scaled.jpeg\" data-elementor-open-lightbox=\"yes\" data-elementor-lightbox-slideshow=\"2880f1d\" data-elementor-lightbox-title=\"IMG_8810\" data-e-action-hash=\"#elementor-action%3Aaction%3Dlightbox%26settings%3DeyJpZCI6ODYxNiwidXJsIjoiaHR0cHM6XC9cL2NoYXRlYXVnaW91eC5jb21cL3dwLWNvbnRlbnRcL3VwbG9hZHNcLzIwMjVcLzA3XC9JTUdfODgxMC1zY2FsZWQuanBlZyIsInNsaWRlc2hvdyI6IjI4ODBmMWQifQ%3D%3D\">\t\t<div class=\"elementor-carousel-image\" role=\"img\" aria-label=\"IMG_8810\" style=\"background-image: url(&#039;https:\/\/chateaugioux.com\/wp-content\/uploads\/2025\/07\/IMG_8810-scaled.jpeg&#039;)\">\n\n\t\t\t\n\t\t\t\t\t<\/div>\n\t\t<\/a>\t\t\t\t\t\t<\/div>\n\t\t\t\t\t\t\t\t\t\t\t<div class=\"swiper-slide\" role=\"group\" aria-roledescription=\"slide\">\n\t\t\t\t\t\t\t<a href=\"http:\/\/chateaugioux.com\/wp-content\/uploads\/2025\/07\/ChateauGioux_tabledhotes6.jpg\" data-elementor-open-lightbox=\"yes\" data-elementor-lightbox-slideshow=\"2880f1d\" data-elementor-lightbox-title=\"Chateau Gioux\" data-e-action-hash=\"#elementor-action%3Aaction%3Dlightbox%26settings%3DeyJpZCI6ODYxMSwidXJsIjoiaHR0cHM6XC9cL2NoYXRlYXVnaW91eC5jb21cL3dwLWNvbnRlbnRcL3VwbG9hZHNcLzIwMjVcLzA3XC9DaGF0ZWF1R2lvdXhfdGFibGVkaG90ZXM2LmpwZyIsInNsaWRlc2hvdyI6IjI4ODBmMWQifQ%3D%3D\">\t\t<div class=\"elementor-carousel-image\" role=\"img\" aria-label=\"Chateau Gioux\" style=\"background-image: url(&#039;https:\/\/chateaugioux.com\/wp-content\/uploads\/2025\/07\/ChateauGioux_tabledhotes6.jpg&#039;)\">\n\n\t\t\t\n\t\t\t\t\t<\/div>\n\t\t<\/a>\t\t\t\t\t\t<\/div>\n\t\t\t\t\t\t\t\t\t\t\t<div class=\"swiper-slide\" role=\"group\" aria-roledescription=\"slide\">\n\t\t\t\t\t\t\t<a href=\"http:\/\/chateaugioux.com\/wp-content\/uploads\/2025\/07\/IMG_7706-scaled.jpeg\" data-elementor-open-lightbox=\"yes\" data-elementor-lightbox-slideshow=\"2880f1d\" data-elementor-lightbox-title=\"IMG_7706\" data-e-action-hash=\"#elementor-action%3Aaction%3Dlightbox%26settings%3DeyJpZCI6ODYxOSwidXJsIjoiaHR0cHM6XC9cL2NoYXRlYXVnaW91eC5jb21cL3dwLWNvbnRlbnRcL3VwbG9hZHNcLzIwMjVcLzA3XC9JTUdfNzcwNi1zY2FsZWQuanBlZyIsInNsaWRlc2hvdyI6IjI4ODBmMWQifQ%3D%3D\">\t\t<div class=\"elementor-carousel-image\" role=\"img\" aria-label=\"IMG_7706\" style=\"background-image: url(&#039;https:\/\/chateaugioux.com\/wp-content\/uploads\/2025\/07\/IMG_7706-scaled.jpeg&#039;)\">\n\n\t\t\t\n\t\t\t\t\t<\/div>\n\t\t<\/a>\t\t\t\t\t\t<\/div>\n\t\t\t\t\t\t\t\t\t\t\t<div class=\"swiper-slide\" role=\"group\" aria-roledescription=\"slide\">\n\t\t\t\t\t\t\t\t\t<div class=\"elementor-carousel-image\" role=\"img\" aria-label=\"IMG_8508\" style=\"background-image: url(&#039;https:\/\/chateaugioux.com\/wp-content\/uploads\/2025\/07\/IMG_8508-scaled.jpeg&#039;)\">\n\n\t\t\t\n\t\t\t\t\t<\/div>\n\t\t\t\t\t\t\t\t<\/div>\n\t\t\t\t\t\t\t\t\t\t\t<div class=\"swiper-slide\" role=\"group\" aria-roledescription=\"slide\">\n\t\t\t\t\t\t\t\t\t<div class=\"elementor-carousel-image\" role=\"img\" aria-label=\"Chateau Gioux\" style=\"background-image: url(&#039;https:\/\/chateaugioux.com\/wp-content\/uploads\/2025\/07\/ChateauGioux_tabledhotes3.jpg&#039;)\">\n\n\t\t\t\n\t\t\t\t\t<\/div>\n\t\t\t\t\t\t\t\t<\/div>\n\t\t\t\t\t\t\t\t\t\t\t<div class=\"swiper-slide\" role=\"group\" aria-roledescription=\"slide\">\n\t\t\t\t\t\t\t\t\t<div class=\"elementor-carousel-image\" role=\"img\" aria-label=\"IMG_7702\" style=\"background-image: url(&#039;https:\/\/chateaugioux.com\/wp-content\/uploads\/2025\/07\/IMG_7702-scaled.jpeg&#039;)\">\n\n\t\t\t\n\t\t\t\t\t<\/div>\n\t\t\t\t\t\t\t\t<\/div>\n\t\t\t\t\t\t\t\t\t\t\t<div class=\"swiper-slide\" role=\"group\" aria-roledescription=\"slide\">\n\t\t\t\t\t\t\t\t\t<div class=\"elementor-carousel-image\" role=\"img\" aria-label=\"IMG_9209\" style=\"background-image: url(&#039;https:\/\/chateaugioux.com\/wp-content\/uploads\/2025\/07\/IMG_9209-scaled.jpeg&#039;)\">\n\n\t\t\t\n\t\t\t\t\t<\/div>\n\t\t\t\t\t\t\t\t<\/div>\n\t\t\t\t\t\t\t\t\t\t\t<div class=\"swiper-slide\" role=\"group\" aria-roledescription=\"slide\">\n\t\t\t\t\t\t\t\t\t<div class=\"elementor-carousel-image\" role=\"img\" aria-label=\"Chateau Gioux\" style=\"background-image: url(&#039;https:\/\/chateaugioux.com\/wp-content\/uploads\/2025\/07\/ChateauGioux_tabledhotes2.jpg&#039;)\">\n\n\t\t\t\n\t\t\t\t\t<\/div>\n\t\t\t\t\t\t\t\t<\/div>\n\t\t\t\t\t\t\t\t\t<\/div>\n\t\t\t\t\t\t\t\t\t\t\t\t\t\t\t<div class=\"elementor-swiper-button elementor-swiper-button-prev\" role=\"button\" tabindex=\"0\" aria-label=\"Pr\u00e9c\u00e9dent\">\n\t\t\t\t\t\t\t<i aria-hidden=\"true\" class=\"eicon-chevron-left\"><\/i>\t\t\t\t\t\t<\/div>\n\t\t\t\t\t\t<div class=\"elementor-swiper-button elementor-swiper-button-next\" role=\"button\" tabindex=\"0\" aria-label=\"Suivant\">\n\t\t\t\t\t\t\t<i aria-hidden=\"true\" class=\"eicon-chevron-right\"><\/i>\t\t\t\t\t\t<\/div>\n\t\t\t\t\t\t\t\t\t\t\t\t\t\t\t\t\t<\/div>\n\t\t\t\t<\/div>\n\t\t\t\t\t\t\t\t<div class=\"elementor-swiper\">\n\t\t\t\t\t<div class=\"elementor-main-swiper swiper elementor-thumbnails-swiper swiper\" role=\"region region\" aria-roledescription=\"carousel carousel\" aria-label=\"Slides Slides\">\n\t\t\t\t<div class=\"swiper-wrapper\">\n\t\t\t\t\t\t\t\t\t\t\t<div class=\"swiper-slide\" role=\"group\" aria-roledescription=\"slide\">\n\t\t\t\t\t\t\t\t\t<div class=\"elementor-carousel-image\" role=\"img\" aria-label=\"Chateau Gioux\" style=\"background-image: url(&#039;https:\/\/chateaugioux.com\/wp-content\/uploads\/2025\/07\/ChateauGioux_tabledhotes4.jpg&#039;)\">\n\n\t\t\t\n\t\t\t\t\t<\/div>\n\t\t<\/a>\t\t\t\t\t\t<\/div>\n\t\t\t\t\t\t\t\t\t\t\t<div class=\"swiper-slide\" role=\"group\" aria-roledescription=\"slide\">\n\t\t\t\t\t\t\t\t\t<div class=\"elementor-carousel-image\" role=\"img\" aria-label=\"IMG_8497\" style=\"background-image: url(&#039;https:\/\/chateaugioux.com\/wp-content\/uploads\/2025\/07\/IMG_8497-scaled.jpeg&#039;)\">\n\n\t\t\t\n\t\t\t\t\t<\/div>\n\t\t<\/a>\t\t\t\t\t\t<\/div>\n\t\t\t\t\t\t\t\t\t\t\t<div class=\"swiper-slide\" role=\"group\" aria-roledescription=\"slide\">\n\t\t\t\t\t\t\t\t\t<div class=\"elementor-carousel-image\" role=\"img\" aria-label=\"IMG_8810\" style=\"background-image: url(&#039;https:\/\/chateaugioux.com\/wp-content\/uploads\/2025\/07\/IMG_8810-scaled.jpeg&#039;)\">\n\n\t\t\t\n\t\t\t\t\t<\/div>\n\t\t<\/a>\t\t\t\t\t\t<\/div>\n\t\t\t\t\t\t\t\t\t\t\t<div class=\"swiper-slide\" role=\"group\" aria-roledescription=\"slide\">\n\t\t\t\t\t\t\t\t\t<div class=\"elementor-carousel-image\" role=\"img\" aria-label=\"Chateau Gioux\" style=\"background-image: url(&#039;https:\/\/chateaugioux.com\/wp-content\/uploads\/2025\/07\/ChateauGioux_tabledhotes6.jpg&#039;)\">\n\n\t\t\t\n\t\t\t\t\t<\/div>\n\t\t<\/a>\t\t\t\t\t\t<\/div>\n\t\t\t\t\t\t\t\t\t\t\t<div class=\"swiper-slide\" role=\"group\" aria-roledescription=\"slide\">\n\t\t\t\t\t\t\t\t\t<div class=\"elementor-carousel-image\" role=\"img\" aria-label=\"IMG_7706\" style=\"background-image: url(&#039;https:\/\/chateaugioux.com\/wp-content\/uploads\/2025\/07\/IMG_7706-scaled.jpeg&#039;)\">\n\n\t\t\t\n\t\t\t\t\t<\/div>\n\t\t<\/a>\t\t\t\t\t\t<\/div>\n\t\t\t\t\t\t\t\t\t\t\t<div class=\"swiper-slide\" role=\"group\" aria-roledescription=\"slide\">\n\t\t\t\t\t\t\t\t\t<div class=\"elementor-carousel-image\" role=\"img\" aria-label=\"IMG_8508\" style=\"background-image: url(&#039;https:\/\/chateaugioux.com\/wp-content\/uploads\/2025\/07\/IMG_8508-scaled.jpeg&#039;)\">\n\n\t\t\t\n\t\t\t\t\t<\/div>\n\t\t\t\t\t\t\t\t<\/div>\n\t\t\t\t\t\t\t\t\t\t\t<div class=\"swiper-slide\" role=\"group\" aria-roledescription=\"slide\">\n\t\t\t\t\t\t\t\t\t<div class=\"elementor-carousel-image\" role=\"img\" aria-label=\"Chateau Gioux\" style=\"background-image: url(&#039;https:\/\/chateaugioux.com\/wp-content\/uploads\/2025\/07\/ChateauGioux_tabledhotes3.jpg&#039;)\">\n\n\t\t\t\n\t\t\t\t\t<\/div>\n\t\t\t\t\t\t\t\t<\/div>\n\t\t\t\t\t\t\t\t\t\t\t<div class=\"swiper-slide\" role=\"group\" aria-roledescription=\"slide\">\n\t\t\t\t\t\t\t\t\t<div class=\"elementor-carousel-image\" role=\"img\" aria-label=\"IMG_7702\" style=\"background-image: url(&#039;https:\/\/chateaugioux.com\/wp-content\/uploads\/2025\/07\/IMG_7702-scaled.jpeg&#039;)\">\n\n\t\t\t\n\t\t\t\t\t<\/div>\n\t\t\t\t\t\t\t\t<\/div>\n\t\t\t\t\t\t\t\t\t\t\t<div class=\"swiper-slide\" role=\"group\" aria-roledescription=\"slide\">\n\t\t\t\t\t\t\t\t\t<div class=\"elementor-carousel-image\" role=\"img\" aria-label=\"IMG_9209\" style=\"background-image: url(&#039;https:\/\/chateaugioux.com\/wp-content\/uploads\/2025\/07\/IMG_9209-scaled.jpeg&#039;)\">\n\n\t\t\t\n\t\t\t\t\t<\/div>\n\t\t\t\t\t\t\t\t<\/div>\n\t\t\t\t\t\t\t\t\t\t\t<div class=\"swiper-slide\" role=\"group\" aria-roledescription=\"slide\">\n\t\t\t\t\t\t\t\t\t<div class=\"elementor-carousel-image\" role=\"img\" aria-label=\"Chateau Gioux\" style=\"background-image: url(&#039;https:\/\/chateaugioux.com\/wp-content\/uploads\/2025\/07\/ChateauGioux_tabledhotes2.jpg&#039;)\">\n\n\t\t\t\n\t\t\t\t\t<\/div>\n\t\t\t\t\t\t\t\t<\/div>\n\t\t\t\t\t\t\t\t\t<\/div>\n\t\t\t\t\t\t\t\t\t\t\t\t\t\t\t\t\t\t\t\t\t<\/div>\n\t\t\t\t<\/div>\n\t\t\t\t\t\t\t\t<\/div>\n\t\t\t\t<\/div>\n\t\t\t\t<div class=\"elementor-element elementor-element-20421f2 elementor-widget elementor-widget-text-editor\" data-id=\"20421f2\" data-element_type=\"widget\" data-e-type=\"widget\" data-widget_type=\"text-editor.default\">\n\t\t\t\t<div class=\"elementor-widget-container\">\n\t\t\t\t\t\t\t\t\t<p><em>\u00a9Ch\u00e2teau Gioux<\/em><\/p>\t\t\t\t\t\t\t\t<\/div>\n\t\t\t\t<\/div>\n\t\t\t\t<\/div>\n\t\t\t\t\t<\/div>\n\t\t\t\t<\/div>\n\t\t<div class=\"elementor-element elementor-element-5911ab4 e-flex e-con-boxed e-con e-parent\" data-id=\"5911ab4\" data-element_type=\"container\" data-e-type=\"container\">\n\t\t\t\t\t<div class=\"e-con-inner\">\n\t\t\t\t<div class=\"elementor-element elementor-element-ab75f61 elementor-widget elementor-widget-text-editor\" data-id=\"ab75f61\" data-element_type=\"widget\" data-e-type=\"widget\" data-widget_type=\"text-editor.default\">\n\t\t\t\t<div class=\"elementor-widget-container\">\n\t\t\t\t\t\t\t\t\t<h3><strong>R\u00e9servation obligatoire<\/strong><\/h3><p>Pour garantir la meilleure exp\u00e9rience possible, <strong>la r\u00e9servation est obligatoire<\/strong>.<br \/>Nous avons h\u00e2te de vous accueillir et de partager avec vous notre passion pour la cuisine et l\u2019hospitalit\u00e9 !<\/p>\t\t\t\t\t\t\t\t<\/div>\n\t\t\t\t<\/div>\n\t\t\t\t\t<\/div>\n\t\t\t\t<\/div>\n\t\t\t\t<\/div>\n\t\t","protected":false},"excerpt":{"rendered":"<p>Table d&rsquo;h\u00f4tes Repas Simples et D\u00e9licieux pour nos Invit\u00e9s Vous s\u00e9journez dans notre B&amp;B ?Alors, nous serions ravis de vous accueillir pour un d\u00eener convivial de 3 services le vendredi et samedi soir \u00e0 19h00(sur r\u00e9servation uniquement). Les autres soirs, nous proposons \u00e9galement un plat simple fait maison, \u00e9galement sur r\u00e9servation pr\u00e9alable. Nous avons h\u00e2te [&hellip;]<\/p>\n","protected":false},"author":1,"featured_media":0,"parent":0,"menu_order":0,"comment_status":"closed","ping_status":"closed","template":"","meta":{"footnotes":""},"class_list":["post-2981","page","type-page","status-publish","hentry"],"blocksy_meta":[],"_links":{"self":[{"href":"https:\/\/chateaugioux.com\/fr\/wp-json\/wp\/v2\/pages\/2981","targetHints":{"allow":["GET"]}}],"collection":[{"href":"https:\/\/chateaugioux.com\/fr\/wp-json\/wp\/v2\/pages"}],"about":[{"href":"https:\/\/chateaugioux.com\/fr\/wp-json\/wp\/v2\/types\/page"}],"author":[{"embeddable":true,"href":"https:\/\/chateaugioux.com\/fr\/wp-json\/wp\/v2\/users\/1"}],"replies":[{"embeddable":true,"href":"https:\/\/chateaugioux.com\/fr\/wp-json\/wp\/v2\/comments?post=2981"}],"version-history":[{"count":80,"href":"https:\/\/chateaugioux.com\/fr\/wp-json\/wp\/v2\/pages\/2981\/revisions"}],"predecessor-version":[{"id":9866,"href":"https:\/\/chateaugioux.com\/fr\/wp-json\/wp\/v2\/pages\/2981\/revisions\/9866"}],"wp:attachment":[{"href":"https:\/\/chateaugioux.com\/fr\/wp-json\/wp\/v2\/media?parent=2981"}],"curies":[{"name":"wp","href":"https:\/\/api.w.org\/{rel}","templated":true}]}}