{"id":2613,"date":"2024-03-03T15:51:08","date_gmt":"2024-03-03T14:51:08","guid":{"rendered":"https:\/\/chateaugioux.com\/reservation-annulee\/"},"modified":"2024-11-23T14:53:42","modified_gmt":"2024-11-23T13:53:42","slug":"reservation-annulee","status":"publish","type":"page","link":"https:\/\/chateaugioux.com\/fr\/reservation-bevestiging\/reservation-annulee\/","title":{"rendered":"R\u00e9servation annul\u00e9e"},"content":{"rendered":"<p>Votre r\u00e9servation est annul\u00e9e.<\/p>\n","protected":false},"excerpt":{"rendered":"<p>Votre r\u00e9servation est annul\u00e9e.<\/p>\n","protected":false},"author":1,"featured_media":0,"parent":2650,"menu_order":0,"comment_status":"closed","ping_status":"closed","template":"","meta":{"footnotes":""},"class_list":["post-2613","page","type-page","status-publish","hentry"],"blocksy_meta":[],"_links":{"self":[{"href":"https:\/\/chateaugioux.com\/fr\/wp-json\/wp\/v2\/pages\/2613","targetHints":{"allow":["GET"]}}],"collection":[{"href":"https:\/\/chateaugioux.com\/fr\/wp-json\/wp\/v2\/pages"}],"about":[{"href":"https:\/\/chateaugioux.com\/fr\/wp-json\/wp\/v2\/types\/page"}],"author":[{"embeddable":true,"href":"https:\/\/chateaugioux.com\/fr\/wp-json\/wp\/v2\/users\/1"}],"replies":[{"embeddable":true,"href":"https:\/\/chateaugioux.com\/fr\/wp-json\/wp\/v2\/comments?post=2613"}],"version-history":[{"count":1,"href":"https:\/\/chateaugioux.com\/fr\/wp-json\/wp\/v2\/pages\/2613\/revisions"}],"predecessor-version":[{"id":2668,"href":"https:\/\/chateaugioux.com\/fr\/wp-json\/wp\/v2\/pages\/2613\/revisions\/2668"}],"up":[{"embeddable":true,"href":"https:\/\/chateaugioux.com\/fr\/wp-json\/wp\/v2\/pages\/2650"}],"wp:attachment":[{"href":"https:\/\/chateaugioux.com\/fr\/wp-json\/wp\/v2\/media?parent=2613"}],"curies":[{"name":"wp","href":"https:\/\/api.w.org\/{rel}","templated":true}]}}